{"id":9,"date":"2025-08-17T21:21:12","date_gmt":"2025-08-17T21:21:12","guid":{"rendered":"http:\/\/doganbeyahsapyapi.com\/?page_id=9"},"modified":"2025-09-17T10:47:12","modified_gmt":"2025-09-17T10:47:12","slug":"ana-sayfa","status":"publish","type":"page","link":"https:\/\/doganbeyahsapyapi.com\/","title":{"rendered":"Ana Sayfa"},"content":{"rendered":"\n<div class=\"wp-block-cover alignfull\" style=\"min-height:720px;aspect-ratio:unset;\"><img loading=\"lazy\" decoding=\"async\" width=\"1024\" height=\"682\" class=\"wp-block-cover__image-background wp-image-38 size-large\" alt=\"\" src=\"https:\/\/doganbeyahsapyapi.com\/wp-content\/uploads\/2025\/08\/banner-1024x682.jpg\" data-object-fit=\"cover\" srcset=\"https:\/\/doganbeyahsapyapi.com\/wp-content\/uploads\/2025\/08\/banner-1024x682.jpg 1024w, https:\/\/doganbeyahsapyapi.com\/wp-content\/uploads\/2025\/08\/banner-300x200.jpg 300w, https:\/\/doganbeyahsapyapi.com\/wp-content\/uploads\/2025\/08\/banner-768x512.jpg 768w, https:\/\/doganbeyahsapyapi.com\/wp-content\/uploads\/2025\/08\/banner.jpg 1250w\" sizes=\"auto, (max-width: 1024px) 100vw, 1024px\" \/><span aria-hidden=\"true\" class=\"wp-block-cover__background has-background-dim wp-block-cover__gradient-background has-background-gradient\" style=\"background-color:#635645;background:linear-gradient(35deg,rgb(6,0,151) 0%,rgb(130,4,255) 73%,rgb(193,15,255) 100%)\"><\/span><div class=\"wp-block-cover__inner-container is-layout-flow wp-block-cover-is-layout-flow\">\n<div class=\"inherit-container-width wp-block-group alignwide is-layout-constrained wp-block-group-is-layout-constrained\">\n<div class=\"wp-block-media-text alignwide has-media-on-the-right is-stacked-on-mobile is-vertically-aligned-center\" style=\"grid-template-columns:auto 43%\"><div class=\"wp-block-media-text__content\">\n<h1 class=\"wp-block-heading has-text-align-left has-white-color has-text-color\"><strong>\u201cDo\u011fan\u0131n G\u00fcc\u00fc, Evinizin Huzuru\u201d<\/strong><\/h1>\n\n\n\n<p class=\"has-white-color has-text-color\">Do\u011fanbey Ah\u015fap Yap\u0131, ah\u015fap, k\u00fct\u00fck ve ta\u015f\u0131n do\u011fall\u0131\u011f\u0131n\u0131 modern mimariyle bulu\u015fturarak size \u00f6zg\u00fcn ya\u015fam alanlar\u0131 sunar. Dayan\u0131kl\u0131, estetik ve do\u011faya uyumlu yap\u0131lar\u0131m\u0131zla gelece\u011fe g\u00fcvenle ad\u0131m at\u0131n.<\/p>\n\n\n\n<div class=\"wp-block-buttons is-layout-flex wp-block-buttons-is-layout-flex\">\n<div class=\"wp-block-button\"><a class=\"wp-block-button__link wp-element-button\" href=\"#\">\u00c7al\u0131\u015fmalar\u0131m\u0131z\u0131 \u0130nceleyin<\/a><\/div>\n<\/div>\n<\/div><figure class=\"wp-block-media-text__media\"><\/figure><\/div>\n<\/div>\n<\/div><\/div>\n\n\n\n<div class=\"wp-block-group alignfull is-layout-constrained wp-container-core-group-is-layout-45b0ac4f wp-block-group-is-layout-constrained\" id=\"services\" style=\"padding-top:144px;padding-bottom:0px\">\n<h2 class=\"wp-block-heading\">\u00c7al\u0131\u015fmalar\u0131m\u0131z<\/h2>\n\n\n\n<div class=\"wp-block-columns is-layout-flex wp-container-core-columns-is-layout-60cbf9bb wp-block-columns-is-layout-flex\" style=\"margin-top:50px\">\n<div class=\"wp-block-column is-layout-flow wp-container-core-column-is-layout-6b73ce23 wp-block-column-is-layout-flow\">\n<figure class=\"wp-block-image size-full\"><img loading=\"lazy\" decoding=\"async\" width=\"400\" height=\"600\" src=\"https:\/\/doganbeyahsapyapi.com\/wp-content\/uploads\/2025\/08\/ahsap.png\" alt=\"\" class=\"wp-image-34\" srcset=\"https:\/\/doganbeyahsapyapi.com\/wp-content\/uploads\/2025\/08\/ahsap.png 400w, https:\/\/doganbeyahsapyapi.com\/wp-content\/uploads\/2025\/08\/ahsap-200x300.png 200w\" sizes=\"auto, (max-width: 400px) 100vw, 400px\" \/><\/figure>\n\n\n\n<h3 class=\"wp-block-heading\" style=\"margin-top:16px\">Ah\u015fap<\/h3>\n\n\n\n<p>Do\u011fan\u0131n s\u0131cakl\u0131\u011f\u0131n\u0131 ya\u015fam alanlar\u0131n\u0131za ta\u015f\u0131y\u0131n. Ah\u015fap yap\u0131lar estetik, dayan\u0131kl\u0131 ve nefes alan yap\u0131s\u0131yla hem modern hem de do\u011fal bir atmosfer sunar. Zamans\u0131z \u015f\u0131kl\u0131\u011f\u0131yla evinizi do\u011fayla b\u00fct\u00fcnle\u015ftirir. <a href=\"https:\/\/doganbeyahsapyapi.com?page_id=2\">Detayl\u0131 \u00e7al\u0131\u015fmalar\u0131m\u0131z\u0131 g\u00f6rmek i\u00e7in l\u00fctfen t\u0131klay\u0131n\u0131z.<\/a><\/p>\n<\/div>\n\n\n\n<div class=\"wp-block-column is-layout-flow wp-container-core-column-is-layout-6b73ce23 wp-block-column-is-layout-flow\">\n<figure class=\"wp-block-image size-full\"><img loading=\"lazy\" decoding=\"async\" width=\"600\" height=\"900\" src=\"https:\/\/doganbeyahsapyapi.com\/wp-content\/uploads\/2025\/08\/kutuk.png\" alt=\"\" class=\"wp-image-35\" srcset=\"https:\/\/doganbeyahsapyapi.com\/wp-content\/uploads\/2025\/08\/kutuk.png 600w, https:\/\/doganbeyahsapyapi.com\/wp-content\/uploads\/2025\/08\/kutuk-200x300.png 200w\" sizes=\"auto, (max-width: 600px) 100vw, 600px\" \/><\/figure>\n\n\n\n<h3 class=\"wp-block-heading\" style=\"margin-top:16px\">K\u00fct\u00fck<\/h3>\n\n\n\n<p>G\u00fcc\u00fc do\u011fan\u0131n kalbinden al\u0131n. K\u00fct\u00fck evler, masif g\u00f6vdeleriyle sa\u011flaml\u0131k ve do\u011fall\u0131\u011f\u0131 bir arada sunar. Hem rustik hem de modern tarzda, huzurun ve g\u00fcvenin simgesi olan ya\u015fam alanlar\u0131 yarat\u0131r. <a href=\"https:\/\/doganbeyahsapyapi.com?page_id=68\">Detayl\u0131 \u00e7al\u0131\u015fmalar\u0131m\u0131z\u0131 g\u00f6rmek i\u00e7in l\u00fctfen t\u0131klay\u0131n\u0131z.<\/a><\/p>\n<\/div>\n\n\n\n<div class=\"wp-block-column is-layout-flow wp-container-core-column-is-layout-6b73ce23 wp-block-column-is-layout-flow\">\n<figure class=\"wp-block-image size-full\"><img loading=\"lazy\" decoding=\"async\" width=\"600\" height=\"900\" src=\"https:\/\/doganbeyahsapyapi.com\/wp-content\/uploads\/2025\/08\/tas.png\" alt=\"\" class=\"wp-image-36\" srcset=\"https:\/\/doganbeyahsapyapi.com\/wp-content\/uploads\/2025\/08\/tas.png 600w, https:\/\/doganbeyahsapyapi.com\/wp-content\/uploads\/2025\/08\/tas-200x300.png 200w\" sizes=\"auto, (max-width: 600px) 100vw, 600px\" \/><\/figure>\n\n\n\n<h3 class=\"wp-block-heading\" style=\"margin-top:16px\">Ta\u015f<\/h3>\n\n\n\n<p>Tarihin izlerini bug\u00fcne ta\u015f\u0131yan ta\u015f yap\u0131lar, benzersiz bir dayan\u0131kl\u0131l\u0131k ve estetik sunar. Zamana meydan okuyan dokusuyla hem geleneksel hem de modern projelerde e\u015fsiz bir atmosfer olu\u015fturur. <a href=\"https:\/\/doganbeyahsapyapi.com\/?page_id=84\">Detayl\u0131 \u00e7al\u0131\u015fmalar\u0131m\u0131z\u0131 g\u00f6rmek i\u00e7in l\u00fctfen t\u0131klay\u0131n\u0131z.<\/a><\/p>\n<\/div>\n<\/div>\n<\/div>\n\n\n\n<div class=\"wp-block-group alignfull has-ast-global-color-5-background-color has-background is-layout-constrained wp-container-core-group-is-layout-94d206d0 wp-block-group-is-layout-constrained\" id=\"about\" style=\"padding-top:143px;padding-bottom:144px\">\n<div class=\"wp-block-media-text has-media-on-the-right is-stacked-on-mobile is-vertically-aligned-center\"><div class=\"wp-block-media-text__content\">\n<div class=\"inherit-container-width wp-block-group is-layout-constrained wp-container-core-group-is-layout-47ce07ec wp-block-group-is-layout-constrained\" style=\"padding-right:80px\">\n<h2 class=\"wp-block-heading\" style=\"padding-right:40px\">Bize G\u00fcvenebilirsiniz<\/h2>\n\n\n\n<p>2015 y\u0131l\u0131nda konteyner ve prefabrik yap\u0131 imalat\u0131 ile ba\u015flayan yolculu\u011fumuzu, de\u011fi\u015fen ihtiya\u00e7lar ve geli\u015fen beklentiler do\u011frultusunda ah\u015fap ve ta\u015f yap\u0131lara ta\u015f\u0131d\u0131k. Bug\u00fcn, ah\u015fab\u0131n esteti\u011fini ve ta\u015f\u0131n do\u011fall\u0131\u011f\u0131n\u0131 bir araya getirerek, sa\u011fl\u0131kl\u0131 ve nefes alabilen s\u0131cak ya\u015fam alanlar\u0131 in\u015fa ediyoruz.<\/p>\n\n\n\n<p>Alan\u0131nda uzman ekibimiz ve y\u0131llar\u0131n verdi\u011fi deneyimle, <strong>Do\u011fanbey Ah\u015fap Yap\u0131<\/strong> olarak Bey\u015fehir merkezden \u00fclkemizin t\u00fcm \u015fehirlerine hizmet sunmay\u0131 ilke edindik.<\/p>\n\n\n\n<p>M\u00fc\u015fterilerimizin hayallerini ger\u00e7e\u011fe d\u00f6n\u00fc\u015ft\u00fcrmek i\u00e7in tasar\u0131mdan uygulamaya kadar her ad\u0131mda titizlikle \u00e7al\u0131\u015f\u0131yor, g\u00fcvenilir, estetik ve uzun \u00f6m\u00fcrl\u00fc yap\u0131lar ortaya koyuyoruz.<\/p>\n\n\n\n<p><strong>Hayalinizdeki evi birlikte tasarlayal\u0131m, do\u011fan\u0131n g\u00fcc\u00fcn\u00fc ya\u015fam alan\u0131n\u0131za ta\u015f\u0131yal\u0131m.<\/strong><\/p>\n<\/div>\n<\/div><figure class=\"wp-block-media-text__media\"><img decoding=\"async\" src=\"https:\/\/doganbeyahsapyapi.com\/wp-content\/themes\/astra\/inc\/assets\/images\/starter-content\/about-us.jpg\" alt=\"\" class=\"wp-image-237 size-full\"\/><\/figure><\/div>\n<\/div>\n\n\n\n<div class=\"wp-block-group alignfull is-layout-constrained wp-container-core-group-is-layout-3fee123f wp-block-group-is-layout-constrained\" id=\"whyus\" style=\"padding-top:144px;padding-bottom:144px\">\n<h2 class=\"wp-block-heading\">Neden Biz ?<\/h2>\n\n\n\n<div class=\"wp-block-columns is-layout-flex wp-container-core-columns-is-layout-29aadeec wp-block-columns-is-layout-flex\" style=\"margin-top:60px\">\n<div class=\"wp-block-column is-layout-flow wp-container-core-column-is-layout-6b73ce23 wp-block-column-is-layout-flow\">\n<figure class=\"wp-block-image size-large\"><img decoding=\"async\" src=\"https:\/\/doganbeyahsapyapi.com\/wp-content\/themes\/astra\/inc\/assets\/images\/starter-content\/passionate.svg\" alt=\"\" class=\"wp-image-162\"\/><\/figure>\n\n\n\n<h3 class=\"wp-block-heading\" style=\"margin-top:16px\">Kalbinizdekini \u0130n\u015fa Ediyoruz<\/h3>\n\n\n\n<p>Hayalinizdeki ya\u015fam alan\u0131n\u0131 ah\u015fap, k\u00fct\u00fck ve ta\u015f\u0131n do\u011fall\u0131\u011f\u0131yla bulu\u015fturuyoruz. Size \u00f6zel tasar\u0131mlar ile kalbinizdekini ger\u00e7e\u011fe d\u00f6n\u00fc\u015ft\u00fcr\u00fcyoruz.<\/p>\n<\/div>\n\n\n\n<div class=\"wp-block-column is-layout-flow wp-container-core-column-is-layout-6b73ce23 wp-block-column-is-layout-flow\">\n<figure class=\"wp-block-image size-large\"><img decoding=\"async\" src=\"https:\/\/doganbeyahsapyapi.com\/wp-content\/themes\/astra\/inc\/assets\/images\/starter-content\/professional.svg\" alt=\"\" class=\"wp-image-163\"\/><\/figure>\n\n\n\n<h3 class=\"wp-block-heading\" style=\"margin-top:16px\">Profesyonel Ekiple \u00c7al\u0131\u015f\u0131yoruz<\/h3>\n\n\n\n<p>Alan\u0131nda uzman ekibimizle her detay\u0131 titizlikle planl\u0131yor, en y\u00fcksek kalite standartlar\u0131nda \u00e7al\u0131\u015f\u0131yoruz. Profesyonellik bizim i\u015fimizin temeli.<\/p>\n<\/div>\n\n\n\n<div class=\"wp-block-column is-layout-flow wp-container-core-column-is-layout-6b73ce23 wp-block-column-is-layout-flow\">\n<figure class=\"wp-block-image size-large\"><img decoding=\"async\" src=\"https:\/\/doganbeyahsapyapi.com\/wp-content\/themes\/astra\/inc\/assets\/images\/starter-content\/support.svg\" alt=\"\" class=\"wp-image-164\"\/><\/figure>\n\n\n\n<h3 class=\"wp-block-heading\" style=\"margin-top:16px\">Teslim Sonras\u0131 Garanti Veriyoruz<\/h3>\n\n\n\n<p>Projelerimizde yaln\u0131zca teslim an\u0131na de\u011fil, sonras\u0131na da de\u011fer veriyoruz. Teslim sonras\u0131 garanti hizmetimizle yan\u0131n\u0131zda olmay\u0131 s\u00fcrd\u00fcr\u00fcyoruz.<\/p>\n<\/div>\n<\/div>\n<\/div>\n\n\n\n<div style=\"box-sizing:border-box !important; width:100% !important; margin:0 !important; padding:24px !important; border:1px solid rgba(0,0,0,.1) !important; border-radius:12px !important; background:#fff !important; font-family:-apple-system,BlinkMacSystemFont,'Segoe UI',Roboto,'Helvetica Neue',Arial,sans-serif !important; color:#111 !important; line-height:1.5 !important;\">\n\u00a0\n\u00a0 <div style=\"font-size:18px !important; font-weight:700 !important; margin-bottom:8px !important;\">\n\u00a0\u00a0\u00a0 \u0130leti\u015fim Adresi\n\u00a0 <\/div>\n\u00a0\n\u00a0 <div style=\"font-size:15px !important; margin-bottom:16px !important; color:#444 !important;\">\n\u00a0\u00a0\u00a0 M\u00dcFT\u00dc MAHALLES\u0130 ISPARTA \u00c7EVRE YOLU CADDES\u0130 NO:728\/3 BEY\u015eEH\u0130R\/KONYA\n\u00a0 <\/div>\n\u00a0\n\u00a0 <div style=\"height:1px !important; background:rgba(0,0,0,.1) !important; margin:16px 0 !important;\"><\/div>\n\u00a0\n\u00a0 <div style=\"font-size:14px !important; color:#666 !important; margin-bottom:8px !important;\">\n\u00a0\u00a0\u00a0 Bizi Aray\u0131n:\n\u00a0 <\/div>\n\u00a0\n\u00a0 <a href=\"tel:05338145773\" style=\"display:inline-block !important; font-size:18px !important; font-weight:700 !important; padding:10px 16px !important; border-radius:8px !important; text-decoration:none !important; color:#fff !important; background:linear-gradient(135deg,#444,#000) !important; box-shadow:0 3px 8px rgba(0,0,0,.15) !important;\">\n\u00a0\u00a0\u00a0 0533&nbsp;814&nbsp;57&nbsp;73\n\u00a0 <\/a>\n<\/div>\n","protected":false},"excerpt":{"rendered":"<p>\u00c7al\u0131\u015fmalar\u0131m\u0131z Ah\u015fap Do\u011fan\u0131n s\u0131cakl\u0131\u011f\u0131n\u0131 ya\u015fam alanlar\u0131n\u0131za ta\u015f\u0131y\u0131n. Ah\u015fap yap\u0131lar estetik, dayan\u0131kl\u0131 ve nefes alan yap\u0131s\u0131yla hem modern hem de do\u011fal [&hellip;]<\/p>\n","protected":false},"author":1,"featured_media":0,"parent":0,"menu_order":0,"comment_status":"closed","ping_status":"closed","template":"","meta":{"site-sidebar-layout":"no-sidebar","site-content-layout":"plain-container","ast-site-content-layout":"default","site-content-style":"default","site-sidebar-style":"default","ast-global-header-display":"","ast-banner-title-visibility":"","ast-main-header-display":"","ast-hfb-above-header-display":"","ast-hfb-below-header-display":"","ast-hfb-mobile-header-display":"","site-post-title":"disabled","ast-breadcrumbs-content":"","ast-featured-img":"","footer-sml-layout":"","theme-transparent-header-meta":"enabled","adv-header-id-meta":"","stick-header-meta":"","header-above-stick-meta":"","header-main-stick-meta":"","header-below-stick-meta":"","astra-migrate-meta-layouts":"default","ast-page-background-enabled":"default","ast-page-background-meta":{"desktop":{"background-color":"var(--ast-global-color-5)","background-image":"","background-repeat":"repeat","background-position":"center center","background-size":"auto","background-attachment":"scroll","background-type":"","background-media":"","overlay-type":"","overlay-color":"","overlay-opacity":"","overlay-gradient":""},"tablet":{"background-color":"","background-image":"","background-repeat":"repeat","background-position":"center center","background-size":"auto","background-attachment":"scroll","background-type":"","background-media":"","overlay-type":"","overlay-color":"","overlay-opacity":"","overlay-gradient":""},"mobile":{"background-color":"","background-image":"","background-repeat":"repeat","background-position":"center center","background-size":"auto","background-attachment":"scroll","background-type":"","background-media":"","overlay-type":"","overlay-color":"","overlay-opacity":"","overlay-gradient":""}},"ast-content-background-meta":{"desktop":{"background-color":"var(--ast-global-color-4)","background-image":"","background-repeat":"repeat","background-position":"center center","background-size":"auto","background-attachment":"scroll","background-type":"","background-media":"","overlay-type":"","overlay-color":"","overlay-opacity":"","overlay-gradient":""},"tablet":{"background-color":"var(--ast-global-color-4)","background-image":"","background-repeat":"repeat","background-position":"center center","background-size":"auto","background-attachment":"scroll","background-type":"","background-media":"","overlay-type":"","overlay-color":"","overlay-opacity":"","overlay-gradient":""},"mobile":{"background-color":"var(--ast-global-color-4)","background-image":"","background-repeat":"repeat","background-position":"center center","background-size":"auto","background-attachment":"scroll","background-type":"","background-media":"","overlay-type":"","overlay-color":"","overlay-opacity":"","overlay-gradient":""}},"footnotes":""},"class_list":["post-9","page","type-page","status-publish","hentry"],"_links":{"self":[{"href":"https:\/\/doganbeyahsapyapi.com\/index.php?rest_route=\/wp\/v2\/pages\/9","targetHints":{"allow":["GET"]}}],"collection":[{"href":"https:\/\/doganbeyahsapyapi.com\/index.php?rest_route=\/wp\/v2\/pages"}],"about":[{"href":"https:\/\/doganbeyahsapyapi.com\/index.php?rest_route=\/wp\/v2\/types\/page"}],"author":[{"embeddable":true,"href":"https:\/\/doganbeyahsapyapi.com\/index.php?rest_route=\/wp\/v2\/users\/1"}],"replies":[{"embeddable":true,"href":"https:\/\/doganbeyahsapyapi.com\/index.php?rest_route=%2Fwp%2Fv2%2Fcomments&post=9"}],"version-history":[{"count":16,"href":"https:\/\/doganbeyahsapyapi.com\/index.php?rest_route=\/wp\/v2\/pages\/9\/revisions"}],"predecessor-version":[{"id":118,"href":"https:\/\/doganbeyahsapyapi.com\/index.php?rest_route=\/wp\/v2\/pages\/9\/revisions\/118"}],"wp:attachment":[{"href":"https:\/\/doganbeyahsapyapi.com\/index.php?rest_route=%2Fwp%2Fv2%2Fmedia&parent=9"}],"curies":[{"name":"wp","href":"https:\/\/api.w.org\/{rel}","templated":true}]}}